{"id":60,"date":"2021-08-26T12:26:53","date_gmt":"2021-08-26T08:56:53","guid":{"rendered":"http:\/\/dummy.xtemos.com\/woodmart2\/elementor\/?page_id=60"},"modified":"2025-09-15T14:06:34","modified_gmt":"2025-09-15T10:36:34","slug":"wishlist","status":"publish","type":"page","link":"https:\/\/royalstar.co.com\/en\/wishlist\/","title":{"rendered":"\u0639\u0644\u0627\u0642\u0647 \u0645\u0646\u062f\u06cc \u0647\u0627"},"content":{"rendered":"<div class=\"\">\n\t\t\t\t\t\t<div class=\"wd-wishlist-content\">\n\t\t\t\t\t\t\t\t\t\t\t\n\t\t<p class=\"wd-empty-wishlist wd-empty-page\">\n\t\t\tThis wishlist is empty.\t\t<\/p>\n\n\t\t\t\t\t<div class=\"wd-empty-page-text\">\n\t\t\t\t\u00c3\u02dc\u00c2\u00b4\u00c3\u2122\u00e2\u20ac\u00a6\u00c3\u02dc\u00c2\u00a7 \u00c3\u2122\u00e2\u20ac\u00a1\u00c3\u2122\u00e2\u20ac\u00a0\u00c3\u2122\u00cb\u2020\u00c3\u02dc\u00c2\u00b2 \u00c3\u2122\u00e2\u20ac\u00a1\u00c3\u203a\u00c5\u2019\u00c3\u0161\u00e2\u20ac\u00a0 \u00c3\u2122\u00e2\u20ac\u00a6\u00c3\u02dc\u00c2\u00ad\u00c3\u02dc\u00c2\u00b5\u00c3\u2122\u00cb\u2020\u00c3\u2122\u00e2\u20ac\u017e\u00c3\u203a\u00c5\u2019 \u00c3\u02dc\u00c2\u00af\u00c3\u02dc\u00c2\u00b1 \u00c3\u2122\u00e2\u20ac\u017e\u00c3\u203a\u00c5\u2019\u00c3\u02dc\u00c2\u00b3\u00c3\u02dc\u00c2\u00aa \u00c3\u02dc\u00c2\u00b9\u00c3\u2122\u00e2\u20ac\u017e\u00c3\u02dc\u00c2\u00a7\u00c3\u2122\u00e2\u20ac\u0161\u00c3\u2122\u00e2\u20ac\u00a1 \u00c3\u2122\u00e2\u20ac\u00a6\u00c3\u2122\u00e2\u20ac\u00a0\u00c3\u02dc\u00c2\u00af\u00c3\u203a\u00c5\u2019 \u00c3\u2122\u00e2\u20ac\u00a1\u00c3\u02dc\u00c2\u00a7 \u00c3\u2122\u00e2\u20ac\u00a0\u00c3\u02dc\u00c2\u00af\u00c3\u02dc\u00c2\u00a7\u00c3\u02dc\u00c2\u00b1\u00c3\u203a\u00c5\u2019\u00c3\u02dc\u00c2\u00af. <br> \u00c3\u02dc\u00c2\u00af\u00c3\u02dc\u00c2\u00b1 \u00c3\u02dc\u00c2\u00b5\u00c3\u2122\u00c2\u0081\u00c3\u02dc\u00c2\u00ad\u00c3\u2122\u00e2\u20ac\u00a1 \"\u00c3\u2122\u00c2\u0081\u00c3\u02dc\u00c2\u00b1\u00c3\u2122\u00cb\u2020\u00c3\u02dc\u00c2\u00b4\u00c3\u0161\u00c2\u00af\u00c3\u02dc\u00c2\u00a7\u00c3\u2122\u00e2\u20ac\u00a1\" \u00c3\u2122\u00e2\u20ac\u00a6\u00c3\u02dc\u00c2\u00a7 \u00c3\u2122\u00e2\u20ac\u00a6\u00c3\u02dc\u00c2\u00ad\u00c3\u02dc\u00c2\u00b5\u00c3\u2122\u00cb\u2020\u00c3\u2122\u00e2\u20ac\u017e\u00c3\u02dc\u00c2\u00a7\u00c3\u02dc\u00c2\u00aa \u00c3\u02dc\u00c2\u00ac\u00c3\u02dc\u00c2\u00a7\u00c3\u2122\u00e2\u20ac\u017e\u00c3\u02dc\u00c2\u00a8 \u00c3\u02dc\u00c2\u00b2\u00c3\u203a\u00c5\u2019\u00c3\u02dc\u00c2\u00a7\u00c3\u02dc\u00c2\u00af\u00c3\u203a\u00c5\u2019 \u00c3\u2122\u00c2\u00be\u00c3\u203a\u00c5\u2019\u00c3\u02dc\u00c2\u00af\u00c3\u02dc\u00c2\u00a7 \u00c3\u02dc\u00c2\u00ae\u00c3\u2122\u00cb\u2020\u00c3\u02dc\u00c2\u00a7\u00c3\u2122\u00e2\u20ac\u00a1\u00c3\u203a\u00c5\u2019\u00c3\u02dc\u00c2\u00af \u00c3\u0161\u00c2\u00a9\u00c3\u02dc\u00c2\u00b1\u00c3\u02dc\u00c2\u00af.\t\t\t<\/div>\n\t\t\n\t\t\n\t\t\t\t\t<p class=\"return-to-shop\">\n\t\t\t\t<a class=\"button\" href=\"https:\/\/royalstar.co.com\/en\/shop\/\">\n\t\t\t\t\tReturn to shop\t\t\t\t<\/a>\n\t\t\t<\/p>\n\t\t\t\t\t\t\t\t\t\t\t<\/div>\n\t\t\t\t<\/div>","protected":false},"excerpt":{"rendered":"","protected":false},"author":1,"featured_media":0,"parent":0,"menu_order":0,"comment_status":"closed","ping_status":"closed","template":"","meta":{"footnotes":""},"class_list":["post-60","page","type-page","status-publish","hentry"],"yoast_head":"<!-- This site is optimized with the Yoast SEO Premium plugin v26.8 (Yoast SEO v26.8) - https:\/\/yoast.com\/product\/yoast-seo-premium-wordpress\/ -->\n<title>\u0639\u0644\u0627\u0642\u0647 \u0645\u0646\u062f\u06cc \u0647\u0627 - \u0645\u062d\u0635\u0648\u0644\u0627\u062a \u0635\u0646\u0627\u06cc\u0639 \u063a\u0630\u0627\u06cc\u06cc \u0631\u0648\u06cc\u0627\u0644 \u0627\u0633\u062a\u0627\u0631<\/title>\n<meta name=\"robots\" content=\"index, follow, max-snippet:-1, max-image-preview:large, max-video-preview:-1\" \/>\n<link rel=\"canonical\" href=\"https:\/\/royalstar.co.com\/en\/wishlist\/\" \/>\n<meta property=\"og:locale\" content=\"en_US\" \/>\n<meta property=\"og:type\" content=\"article\" \/>\n<meta property=\"og:title\" content=\"\u0639\u0644\u0627\u0642\u0647 \u0645\u0646\u062f\u06cc \u0647\u0627\" \/>\n<meta property=\"og:url\" content=\"https:\/\/royalstar.co.com\/en\/wishlist\/\" \/>\n<meta property=\"og:site_name\" content=\"\u0645\u062d\u0635\u0648\u0644\u0627\u062a \u0635\u0646\u0627\u06cc\u0639 \u063a\u0630\u0627\u06cc\u06cc \u0631\u0648\u06cc\u0627\u0644 \u0627\u0633\u062a\u0627\u0631\" \/>\n<meta property=\"article:modified_time\" content=\"2025-09-15T10:36:34+00:00\" \/>\n<meta name=\"twitter:card\" content=\"summary_large_image\" \/>\n<script type=\"application\/ld+json\" class=\"yoast-schema-graph\">{\"@context\":\"https:\/\/schema.org\",\"@graph\":[{\"@type\":\"WebPage\",\"@id\":\"https:\/\/royalstar.co.com\/wishlist\/\",\"url\":\"https:\/\/royalstar.co.com\/wishlist\/\",\"name\":\"\u0639\u0644\u0627\u0642\u0647 \u0645\u0646\u062f\u06cc \u0647\u0627 - \u0645\u062d\u0635\u0648\u0644\u0627\u062a \u0635\u0646\u0627\u06cc\u0639 \u063a\u0630\u0627\u06cc\u06cc \u0631\u0648\u06cc\u0627\u0644 \u0627\u0633\u062a\u0627\u0631\",\"isPartOf\":{\"@id\":\"https:\/\/royalstar.co.com\/#website\"},\"datePublished\":\"2021-08-26T08:56:53+00:00\",\"dateModified\":\"2025-09-15T10:36:34+00:00\",\"breadcrumb\":{\"@id\":\"https:\/\/royalstar.co.com\/wishlist\/#breadcrumb\"},\"inLanguage\":\"en-US\",\"potentialAction\":[{\"@type\":\"ReadAction\",\"target\":[\"https:\/\/royalstar.co.com\/wishlist\/\"]}]},{\"@type\":\"BreadcrumbList\",\"@id\":\"https:\/\/royalstar.co.com\/wishlist\/#breadcrumb\",\"itemListElement\":[{\"@type\":\"ListItem\",\"position\":1,\"name\":\"\u062e\u0627\u0646\u0647\",\"item\":\"https:\/\/royalstar.co.com\/\"},{\"@type\":\"ListItem\",\"position\":2,\"name\":\"\u0639\u0644\u0627\u0642\u0647 \u0645\u0646\u062f\u06cc \u0647\u0627\"}]},{\"@type\":\"WebSite\",\"@id\":\"https:\/\/royalstar.co.com\/#website\",\"url\":\"https:\/\/royalstar.co.com\/\",\"name\":\"\u0631\u0648\u06cc\u0627\u0644 \u0627\u0633\u062a\u0627\u0631\",\"description\":\"\u0635\u0646\u0627\u06cc\u0639 \u063a\u0630\u0627\u06cc\u06cc \u0634\u06cc\u0644\u0627 \u0627\u0633\u062a\u0627\u0631\",\"publisher\":{\"@id\":\"https:\/\/royalstar.co.com\/#organization\"},\"potentialAction\":[{\"@type\":\"SearchAction\",\"target\":{\"@type\":\"EntryPoint\",\"urlTemplate\":\"https:\/\/royalstar.co.com\/?s={search_term_string}\"},\"query-input\":{\"@type\":\"PropertyValueSpecification\",\"valueRequired\":true,\"valueName\":\"search_term_string\"}}],\"inLanguage\":\"en-US\"},{\"@type\":\"Organization\",\"@id\":\"https:\/\/royalstar.co.com\/#organization\",\"name\":\"royalstar\",\"url\":\"https:\/\/royalstar.co.com\/\",\"logo\":{\"@type\":\"ImageObject\",\"inLanguage\":\"en-US\",\"@id\":\"https:\/\/royalstar.co.com\/#\/schema\/logo\/image\/\",\"url\":\"https:\/\/royalstar.co.com\/wp-content\/uploads\/2025\/09\/royalstar.png\",\"contentUrl\":\"https:\/\/royalstar.co.com\/wp-content\/uploads\/2025\/09\/royalstar.png\",\"width\":1575,\"height\":1403,\"caption\":\"royalstar\"},\"image\":{\"@id\":\"https:\/\/royalstar.co.com\/#\/schema\/logo\/image\/\"}}]}<\/script>\n<!-- \/ Yoast SEO Premium plugin. -->","yoast_head_json":{"title":"\u0639\u0644\u0627\u0642\u0647 \u0645\u0646\u062f\u06cc \u0647\u0627 - \u0645\u062d\u0635\u0648\u0644\u0627\u062a \u0635\u0646\u0627\u06cc\u0639 \u063a\u0630\u0627\u06cc\u06cc \u0631\u0648\u06cc\u0627\u0644 \u0627\u0633\u062a\u0627\u0631","robots":{"index":"index","follow":"follow","max-snippet":"max-snippet:-1","max-image-preview":"max-image-preview:large","max-video-preview":"max-video-preview:-1"},"canonical":"https:\/\/royalstar.co.com\/en\/wishlist\/","og_locale":"en_US","og_type":"article","og_title":"\u0639\u0644\u0627\u0642\u0647 \u0645\u0646\u062f\u06cc \u0647\u0627","og_url":"https:\/\/royalstar.co.com\/en\/wishlist\/","og_site_name":"\u0645\u062d\u0635\u0648\u0644\u0627\u062a \u0635\u0646\u0627\u06cc\u0639 \u063a\u0630\u0627\u06cc\u06cc \u0631\u0648\u06cc\u0627\u0644 \u0627\u0633\u062a\u0627\u0631","article_modified_time":"2025-09-15T10:36:34+00:00","twitter_card":"summary_large_image","schema":{"@context":"https:\/\/schema.org","@graph":[{"@type":"WebPage","@id":"https:\/\/royalstar.co.com\/wishlist\/","url":"https:\/\/royalstar.co.com\/wishlist\/","name":"\u0639\u0644\u0627\u0642\u0647 \u0645\u0646\u062f\u06cc \u0647\u0627 - \u0645\u062d\u0635\u0648\u0644\u0627\u062a \u0635\u0646\u0627\u06cc\u0639 \u063a\u0630\u0627\u06cc\u06cc \u0631\u0648\u06cc\u0627\u0644 \u0627\u0633\u062a\u0627\u0631","isPartOf":{"@id":"https:\/\/royalstar.co.com\/#website"},"datePublished":"2021-08-26T08:56:53+00:00","dateModified":"2025-09-15T10:36:34+00:00","breadcrumb":{"@id":"https:\/\/royalstar.co.com\/wishlist\/#breadcrumb"},"inLanguage":"en-US","potentialAction":[{"@type":"ReadAction","target":["https:\/\/royalstar.co.com\/wishlist\/"]}]},{"@type":"BreadcrumbList","@id":"https:\/\/royalstar.co.com\/wishlist\/#breadcrumb","itemListElement":[{"@type":"ListItem","position":1,"name":"\u062e\u0627\u0646\u0647","item":"https:\/\/royalstar.co.com\/"},{"@type":"ListItem","position":2,"name":"\u0639\u0644\u0627\u0642\u0647 \u0645\u0646\u062f\u06cc \u0647\u0627"}]},{"@type":"WebSite","@id":"https:\/\/royalstar.co.com\/#website","url":"https:\/\/royalstar.co.com\/","name":"\u0631\u0648\u06cc\u0627\u0644 \u0627\u0633\u062a\u0627\u0631","description":"\u0635\u0646\u0627\u06cc\u0639 \u063a\u0630\u0627\u06cc\u06cc \u0634\u06cc\u0644\u0627 \u0627\u0633\u062a\u0627\u0631","publisher":{"@id":"https:\/\/royalstar.co.com\/#organization"},"potentialAction":[{"@type":"SearchAction","target":{"@type":"EntryPoint","urlTemplate":"https:\/\/royalstar.co.com\/?s={search_term_string}"},"query-input":{"@type":"PropertyValueSpecification","valueRequired":true,"valueName":"search_term_string"}}],"inLanguage":"en-US"},{"@type":"Organization","@id":"https:\/\/royalstar.co.com\/#organization","name":"royalstar","url":"https:\/\/royalstar.co.com\/","logo":{"@type":"ImageObject","inLanguage":"en-US","@id":"https:\/\/royalstar.co.com\/#\/schema\/logo\/image\/","url":"https:\/\/royalstar.co.com\/wp-content\/uploads\/2025\/09\/royalstar.png","contentUrl":"https:\/\/royalstar.co.com\/wp-content\/uploads\/2025\/09\/royalstar.png","width":1575,"height":1403,"caption":"royalstar"},"image":{"@id":"https:\/\/royalstar.co.com\/#\/schema\/logo\/image\/"}}]}},"_links":{"self":[{"href":"https:\/\/royalstar.co.com\/en\/wp-json\/wp\/v2\/pages\/60","targetHints":{"allow":["GET"]}}],"collection":[{"href":"https:\/\/royalstar.co.com\/en\/wp-json\/wp\/v2\/pages"}],"about":[{"href":"https:\/\/royalstar.co.com\/en\/wp-json\/wp\/v2\/types\/page"}],"author":[{"embeddable":true,"href":"https:\/\/royalstar.co.com\/en\/wp-json\/wp\/v2\/users\/1"}],"replies":[{"embeddable":true,"href":"https:\/\/royalstar.co.com\/en\/wp-json\/wp\/v2\/comments?post=60"}],"version-history":[{"count":4,"href":"https:\/\/royalstar.co.com\/en\/wp-json\/wp\/v2\/pages\/60\/revisions"}],"predecessor-version":[{"id":16034,"href":"https:\/\/royalstar.co.com\/en\/wp-json\/wp\/v2\/pages\/60\/revisions\/16034"}],"wp:attachment":[{"href":"https:\/\/royalstar.co.com\/en\/wp-json\/wp\/v2\/media?parent=60"}],"curies":[{"name":"wp","href":"https:\/\/api.w.org\/{rel}","templated":true}]}}